{"id":3,"date":"2026-03-04T14:22:40","date_gmt":"2026-03-04T14:22:40","guid":{"rendered":"http:\/\/szkola.progressoradzymin.pl\/?page_id=3"},"modified":"2026-03-19T20:12:41","modified_gmt":"2026-03-19T20:12:41","slug":"polityka","status":"publish","type":"page","link":"https:\/\/szkola.progressoradzymin.pl\/index.php\/polityka\/","title":{"rendered":"Polityka prywatno\u015bci"},"content":{"rendered":"\t\t<div data-elementor-type=\"wp-page\" data-elementor-id=\"3\" class=\"elementor elementor-3\" data-elementor-settings=\"{&quot;ha_cmc_init_switcher&quot;:&quot;no&quot;}\">\n\t\t\t\t<div class=\"elementor-element elementor-element-a9b7db9 e-flex e-con-boxed wpr-particle-no wpr-jarallax-no wpr-parallax-no wpr-sticky-section-no e-con e-parent\" data-id=\"a9b7db9\" data-element_type=\"container\" data-e-type=\"container\" data-settings=\"{&quot;background_background&quot;:&quot;classic&quot;,&quot;_ha_eqh_enable&quot;:false}\">\n\t\t\t\t\t<div class=\"e-con-inner\">\n\t\t<div class=\"elementor-element elementor-element-ab9146e e-con-full e-flex wpr-particle-no wpr-jarallax-no wpr-parallax-no wpr-sticky-section-no e-con e-child\" data-id=\"ab9146e\" data-element_type=\"container\" data-e-type=\"container\" data-settings=\"{&quot;_ha_eqh_enable&quot;:false}\">\n\t\t\t\t<div class=\"elementor-element elementor-element-e2149ad elementor-widget elementor-widget-heading\" data-id=\"e2149ad\" data-element_type=\"widget\" data-e-type=\"widget\" data-widget_type=\"heading.default\">\n\t\t\t\t\t<h2 class=\"elementor-heading-title elementor-size-default\">Polityka prywatno\u015bci<\/h2>\t\t\t\t<\/div>\n\t\t\t\t<div class=\"elementor-element elementor-element-399c42b elementor-widget elementor-widget-menu-anchor\" data-id=\"399c42b\" data-element_type=\"widget\" data-e-type=\"widget\" data-widget_type=\"menu-anchor.default\">\n\t\t\t\t\t\t\t<div class=\"elementor-menu-anchor\" id=\"polityka-prywatnoci\"><\/div>\n\t\t\t\t\t\t<\/div>\n\t\t\t\t<div class=\"elementor-element elementor-element-56b8998 elementor-widget elementor-widget-text-editor\" data-id=\"56b8998\" data-element_type=\"widget\" data-e-type=\"widget\" data-widget_type=\"text-editor.default\">\n\t\t\t\t\t\t\t\t\t<p data-start=\"80\" data-end=\"148\">Data ostatniej aktualizacji: 19.03.2026<\/p><p data-start=\"150\" data-end=\"558\">Niniejsza Polityka Prywatno\u015bci opisuje zasady przetwarzania danych osobowych przez <strong data-start=\"233\" data-end=\"343\">Niepubliczn\u0105 Szko\u0142\u0119 Podstawow\u0105 dla dzieci w spektrum autyzmu i z niepe\u0142nosprawno\u015bci\u0105 sprz\u0119\u017con\u0105 &#8222;Progresso&#8221;<\/strong> (\u201emy\u201d, \u201enas\u201d, \u201enasza\u201d) w zwi\u0105zku z korzystaniem ze strony internetowej <a class=\"decorated-link\" href=\"https:\/\/szkola.progressoradzymin.pl\/\" target=\"_new\" rel=\"noopener\" data-start=\"415\" data-end=\"450\">https:\/\/szkola.progressoradzymin.pl<\/a>, zgodnie z Rozporz\u0105dzeniem Parlamentu Europejskiego i Rady (UE) 2016\/679 z dnia 27 kwietnia 2016 r. (RODO).<\/p><h3 data-section-id=\"uiud9c\" data-start=\"560\" data-end=\"597\">1. Administrator danych osobowych<\/h3><p data-start=\"599\" data-end=\"644\">Administratorem Twoich danych osobowych jest:<\/p><p data-start=\"646\" data-end=\"808\">Niepubliczna Szko\u0142a Podstawowa dla dzieci w spektrum autyzmu i z niepe\u0142nosprawno\u015bci\u0105 sprz\u0119\u017con\u0105 &#8222;Progresso&#8221;<br data-start=\"756\" data-end=\"759\" \/>Ignacego Jana Paderewskiego 4<br data-start=\"788\" data-end=\"791\" \/>05-250 Radzymin<\/p><p data-start=\"810\" data-end=\"870\">E-mail: <a class=\"decorated-link cursor-pointer\" rel=\"noopener\" data-start=\"818\" data-end=\"845\">szkola@progressoradzymin.pl<\/a><br data-start=\"845\" data-end=\"848\" \/>Telefon: 575 824 334<\/p><hr data-start=\"872\" data-end=\"875\" \/><h3 data-section-id=\"1kifepy\" data-start=\"877\" data-end=\"922\">2. Zakres przetwarzanych danych osobowych<\/h3><p data-start=\"924\" data-end=\"982\">Mo\u017cemy przetwarza\u0107 nast\u0119puj\u0105ce kategorie danych osobowych:<\/p><ul data-start=\"984\" data-end=\"1347\"><li data-section-id=\"cefia7\" data-start=\"984\" data-end=\"1031\"><p data-start=\"986\" data-end=\"1031\">dane identyfikacyjne (np. imi\u0119 i nazwisko),<\/p><\/li><li data-section-id=\"148bs75\" data-start=\"1032\" data-end=\"1087\"><p data-start=\"1034\" data-end=\"1087\">dane kontaktowe (np. adres e-mail, numer telefonu),<\/p><\/li><li data-section-id=\"kuyl24\" data-start=\"1088\" data-end=\"1160\"><p data-start=\"1090\" data-end=\"1160\">dane techniczne (np. adres IP, typ przegl\u0105darki, system operacyjny),<\/p><\/li><li data-section-id=\"b7be5a\" data-start=\"1161\" data-end=\"1255\"><p data-start=\"1163\" data-end=\"1255\">dane dotycz\u0105ce korzystania ze strony (np. odwiedzane podstrony, czas sp\u0119dzony na stronie),<\/p><\/li><li data-section-id=\"zg6vbt\" data-start=\"1256\" data-end=\"1347\"><p data-start=\"1258\" data-end=\"1347\">inne dane przekazane dobrowolnie za po\u015brednictwem formularzy lub korespondencji e-mail.<\/p><\/li><\/ul><hr data-start=\"1349\" data-end=\"1352\" \/><h3 data-section-id=\"1rvdl4o\" data-start=\"1354\" data-end=\"1404\">3. Cele i podstawy prawne przetwarzania danych<\/h3><p data-start=\"1406\" data-end=\"1458\">Dane osobowe s\u0105 przetwarzane w nast\u0119puj\u0105cych celach:<\/p><ul data-start=\"1460\" data-end=\"1877\"><li data-section-id=\"sdjd15\" data-start=\"1460\" data-end=\"1552\"><p data-start=\"1462\" data-end=\"1552\">zapewnienia prawid\u0142owego funkcjonowania strony internetowej \u2013 art. 6 ust. 1 lit. f RODO,<\/p><\/li><li data-section-id=\"1wg5jr1\" data-start=\"1553\" data-end=\"1630\"><p data-start=\"1555\" data-end=\"1630\">udzielania odpowiedzi na zapytania i kontakt \u2013 art. 6 ust. 1 lit. b RODO,<\/p><\/li><li data-section-id=\"1gfd8it\" data-start=\"1631\" data-end=\"1724\"><p data-start=\"1633\" data-end=\"1724\">ulepszania funkcjonalno\u015bci strony oraz analizy statystycznej \u2013 art. 6 ust. 1 lit. f RODO,<\/p><\/li><li data-section-id=\"ct2ig3\" data-start=\"1725\" data-end=\"1788\"><p data-start=\"1727\" data-end=\"1788\">realizacji obowi\u0105zk\u00f3w prawnych \u2013 art. 6 ust. 1 lit. c RODO,<\/p><\/li><li data-section-id=\"1nie2fi\" data-start=\"1789\" data-end=\"1877\"><p data-start=\"1791\" data-end=\"1877\">dzia\u0142a\u0144 marketingowych i analitycznych (je\u017celi dotyczy) \u2013 art. 6 ust. 1 lit. a RODO.<\/p><\/li><\/ul><hr data-start=\"1879\" data-end=\"1882\" \/><h3 data-section-id=\"14x9w02\" data-start=\"1884\" data-end=\"1906\">4. Odbiorcy danych<\/h3><p data-start=\"1908\" data-end=\"1943\">Dane osobowe mog\u0105 by\u0107 przekazywane:<\/p><ul data-start=\"1945\" data-end=\"2120\"><li data-section-id=\"o8rx48\" data-start=\"1945\" data-end=\"1979\"><p data-start=\"1947\" data-end=\"1979\">dostawcom us\u0142ug IT i hostingu,<\/p><\/li><li data-section-id=\"cbxxre\" data-start=\"1980\" data-end=\"2061\"><p data-start=\"1982\" data-end=\"2061\">dostawcom narz\u0119dzi analitycznych i marketingowych (wy\u0142\u0105cznie za Twoj\u0105 zgod\u0105),<\/p><\/li><li data-section-id=\"1h7voy8\" data-start=\"2062\" data-end=\"2120\"><p data-start=\"2064\" data-end=\"2120\">organom publicznym \u2013 gdy wymagaj\u0105 tego przepisy prawa.<\/p><\/li><\/ul><p data-start=\"2122\" data-end=\"2199\">Podmioty te przetwarzaj\u0105 dane na podstawie um\u00f3w powierzenia i zgodnie z RODO.<\/p><hr data-start=\"2201\" data-end=\"2204\" \/><h3 data-section-id=\"n4ttxu\" data-start=\"2206\" data-end=\"2245\">5. Przekazywanie danych poza UE\/EOG<\/h3><p data-start=\"2247\" data-end=\"2346\">W przypadku przekazywania danych poza UE\/EOG stosujemy odpowiednie zabezpieczenia, w szczeg\u00f3lno\u015bci:<\/p><ul data-start=\"2348\" data-end=\"2461\"><li data-section-id=\"5m9adc\" data-start=\"2348\" data-end=\"2401\"><p data-start=\"2350\" data-end=\"2401\">standardowe klauzule umowne Komisji Europejskiej,<\/p><\/li><li data-section-id=\"1sm53y1\" data-start=\"2402\" data-end=\"2461\"><p data-start=\"2404\" data-end=\"2461\">przekazywanie do kraj\u00f3w o odpowiednim poziomie ochrony.<\/p><\/li><\/ul><hr data-start=\"2463\" data-end=\"2466\" \/><h3 data-section-id=\"waggcg\" data-start=\"2468\" data-end=\"2502\">6. Okres przechowywania danych<\/h3><p data-start=\"2504\" data-end=\"2623\">Dane osobowe s\u0105 przechowywane przez okres niezb\u0119dny do realizacji cel\u00f3w lub do momentu wyga\u015bni\u0119cia obowi\u0105zk\u00f3w prawnych.<\/p><hr data-start=\"2625\" data-end=\"2628\" \/><h3 data-section-id=\"1pd2s7n\" data-start=\"2630\" data-end=\"2669\">7. Prawa os\u00f3b, kt\u00f3rych dane dotycz\u0105<\/h3><p data-start=\"2671\" data-end=\"2695\">Przys\u0142uguje Ci prawo do:<\/p><ul data-start=\"2697\" data-end=\"2938\"><li data-section-id=\"17hk1eu\" data-start=\"2697\" data-end=\"2719\"><p data-start=\"2699\" data-end=\"2719\">dost\u0119pu do danych,<\/p><\/li><li data-section-id=\"ln0ie3\" data-start=\"2720\" data-end=\"2744\"><p data-start=\"2722\" data-end=\"2744\">sprostowania danych,<\/p><\/li><li data-section-id=\"1cjkbmj\" data-start=\"2745\" data-end=\"2766\"><p data-start=\"2747\" data-end=\"2766\">usuni\u0119cia danych,<\/p><\/li><li data-section-id=\"1a6lw5u\" data-start=\"2767\" data-end=\"2798\"><p data-start=\"2769\" data-end=\"2798\">ograniczenia przetwarzania,<\/p><\/li><li data-section-id=\"1dpjb63\" data-start=\"2799\" data-end=\"2823\"><p data-start=\"2801\" data-end=\"2823\">przenoszenia danych,<\/p><\/li><li data-section-id=\"a95h66\" data-start=\"2824\" data-end=\"2858\"><p data-start=\"2826\" data-end=\"2858\">sprzeciwu wobec przetwarzania,<\/p><\/li><li data-section-id=\"7gswkt\" data-start=\"2859\" data-end=\"2899\"><p data-start=\"2861\" data-end=\"2899\">cofni\u0119cia zgody w dowolnym momencie,<\/p><\/li><li data-section-id=\"17shl0f\" data-start=\"2900\" data-end=\"2938\"><p data-start=\"2902\" data-end=\"2938\">wniesienia skargi do Prezesa UODO.<\/p><\/li><\/ul><hr data-start=\"2940\" data-end=\"2943\" \/><h3 data-section-id=\"ersgy7\" data-start=\"2945\" data-end=\"2973\">8. Bezpiecze\u0144stwo danych<\/h3><p data-start=\"2975\" data-end=\"3053\">Stosujemy odpowiednie \u015brodki techniczne i organizacyjne w celu ochrony danych.<\/p><hr data-start=\"3055\" data-end=\"3058\" \/><h3 data-section-id=\"lfd4at\" data-start=\"3060\" data-end=\"3094\">9. Zmiany Polityki Prywatno\u015bci<\/h3><p data-start=\"3096\" data-end=\"3178\">Zastrzegamy prawo do zmian. Aktualna wersja jest dost\u0119pna na stronie internetowej.<\/p><hr data-start=\"3180\" data-end=\"3183\" \/><h3 data-section-id=\"2e947d\" data-start=\"3185\" data-end=\"3200\">10. Kontakt<\/h3><p data-start=\"3202\" data-end=\"3228\">W sprawach ochrony danych:<\/p><p data-start=\"3230\" data-end=\"3290\">E-mail: <a class=\"decorated-link cursor-pointer\" rel=\"noopener\" data-start=\"3238\" data-end=\"3265\">szkola@progressoradzymin.pl<\/a><br data-start=\"3265\" data-end=\"3268\" \/>Telefon: 575 824 334<\/p>\t\t\t\t\t\t\t\t<\/div>\n\t\t\t\t<div class=\"elementor-element elementor-element-055c003 elementor-widget elementor-widget-heading\" data-id=\"055c003\" data-element_type=\"widget\" data-e-type=\"widget\" data-widget_type=\"heading.default\">\n\t\t\t\t\t<h2 class=\"elementor-heading-title elementor-size-default\">Polityka cookies<\/h2>\t\t\t\t<\/div>\n\t\t\t\t<div class=\"elementor-element elementor-element-9687a96 elementor-widget elementor-widget-menu-anchor\" data-id=\"9687a96\" data-element_type=\"widget\" data-e-type=\"widget\" data-widget_type=\"menu-anchor.default\">\n\t\t\t\t\t\t\t<div class=\"elementor-menu-anchor\" id=\"polityka-cookies\"><\/div>\n\t\t\t\t\t\t<\/div>\n\t\t\t\t<div class=\"elementor-element elementor-element-725e388 elementor-widget elementor-widget-text-editor\" data-id=\"725e388\" data-element_type=\"widget\" data-e-type=\"widget\" data-widget_type=\"text-editor.default\">\n\t\t\t\t\t\t\t\t\t<p data-start=\"3318\" data-end=\"3470\">Niniejsza Polityka Cookies wyja\u015bnia zasady stosowania plik\u00f3w cookies na stronie <a class=\"decorated-link\" href=\"https:\/\/szkola.progressoradzymin.pl\/\" target=\"_new\" rel=\"noopener\" data-start=\"3398\" data-end=\"3433\">https:\/\/szkola.progressoradzymin.pl<\/a>zgodnie z RODO i dyrektyw\u0105 ePrivacy.<\/p><hr data-start=\"3472\" data-end=\"3475\" \/><h3 data-section-id=\"1v0jjtp\" data-start=\"3477\" data-end=\"3506\">1. Czym s\u0105 pliki cookies?<\/h3><p data-start=\"3508\" data-end=\"3576\">Cookies to niewielkie pliki tekstowe zapisywane na Twoim urz\u0105dzeniu.<\/p><hr data-start=\"3578\" data-end=\"3581\" \/><h3 data-section-id=\"t3blu7\" data-start=\"3583\" data-end=\"3622\">2. Rodzaje wykorzystywanych cookies<\/h3><p data-start=\"3624\" data-end=\"3690\"><strong data-start=\"3624\" data-end=\"3648\">a) Cookies niezb\u0119dne<\/strong><br data-start=\"3648\" data-end=\"3651\" \/>Zapewniaj\u0105 prawid\u0142owe dzia\u0142anie strony.<\/p><p data-start=\"3692\" data-end=\"3757\"><strong data-start=\"3692\" data-end=\"3719\">b) Cookies funkcjonalne<\/strong><br data-start=\"3719\" data-end=\"3722\" \/>Zapami\u0119tuj\u0105 ustawienia u\u017cytkownika.<\/p><p data-start=\"3759\" data-end=\"3831\"><strong data-start=\"3759\" data-end=\"3785\">c) Cookies analityczne<\/strong><br data-start=\"3785\" data-end=\"3788\" \/>Umo\u017cliwiaj\u0105 analiz\u0119 ruchu \u2013 wymagaj\u0105 zgody.<\/p><p data-start=\"3833\" data-end=\"3908\"><strong data-start=\"3833\" data-end=\"3860\">d) Cookies marketingowe<\/strong><br data-start=\"3860\" data-end=\"3863\" \/>S\u0142u\u017c\u0105 personalizacji reklam \u2013 wymagaj\u0105 zgody.<\/p><hr data-start=\"3910\" data-end=\"3913\" \/><h3 data-section-id=\"126npyw\" data-start=\"3915\" data-end=\"3956\">3. Podstawa prawna stosowania cookies<\/h3><ul data-start=\"3958\" data-end=\"4059\"><li data-section-id=\"1qxqvw1\" data-start=\"3958\" data-end=\"4008\"><p data-start=\"3960\" data-end=\"4008\">cookies niezb\u0119dne \u2013 art. 6 ust. 1 lit. f RODO,<\/p><\/li><li data-section-id=\"igp4r6\" data-start=\"4009\" data-end=\"4059\"><p data-start=\"4011\" data-end=\"4059\">pozosta\u0142e \u2013 art. 6 ust. 1 lit. a RODO (zgoda).<\/p><\/li><\/ul><hr data-start=\"4061\" data-end=\"4064\" \/><h3 data-section-id=\"o2ldo3\" data-start=\"4066\" data-end=\"4089\">4. Zgoda na cookies<\/h3><p data-start=\"4091\" data-end=\"4179\">Podczas pierwszej wizyty wy\u015bwietlany jest baner cookies umo\u017cliwiaj\u0105cy zarz\u0105dzanie zgod\u0105.<\/p><hr data-start=\"4181\" data-end=\"4184\" \/><h3 data-section-id=\"1jcg3ga\" data-start=\"4186\" data-end=\"4220\">5. Zarz\u0105dzanie plikami cookies<\/h3><p data-start=\"4222\" data-end=\"4318\">Mo\u017cesz zmieni\u0107 ustawienia cookies w przegl\u0105darce. Ograniczenia mog\u0105 wp\u0142yn\u0105\u0107 na dzia\u0142anie strony.<\/p><hr data-start=\"4320\" data-end=\"4323\" \/><h3 data-section-id=\"k2gfv5\" data-start=\"4325\" data-end=\"4358\">6. Cookies podmiot\u00f3w trzecich<\/h3><p data-start=\"4360\" data-end=\"4411\">Strona mo\u017ce korzysta\u0107 z cookies podmiot\u00f3w trzecich.<\/p><hr data-start=\"4413\" data-end=\"4416\" \/><h3 data-section-id=\"1w8rtth\" data-start=\"4418\" data-end=\"4448\">7. Zmiany Polityki Cookies<\/h3><p data-start=\"4450\" data-end=\"4482\">Polityka mo\u017ce by\u0107 aktualizowana.<\/p><hr data-start=\"4484\" data-end=\"4487\" \/><h3 data-section-id=\"wkynsg\" data-start=\"4489\" data-end=\"4503\">8. Kontakt<\/h3><p data-start=\"4505\" data-end=\"4565\">E-mail: <a class=\"decorated-link cursor-pointer\" rel=\"noopener\" data-start=\"4513\" data-end=\"4540\">szkola@progressoradzymin.pl<\/a><br data-start=\"4540\" data-end=\"4543\" \/>Telefon: 575 824 334<\/p>\t\t\t\t\t\t\t\t<\/div>\n\t\t\t\t<\/div>\n\t\t\t\t\t<\/div>\n\t\t\t\t<\/div>\n\t\t\t\t<\/div>\n\t\t","protected":false},"excerpt":{"rendered":"<p>Polityka prywatno\u015bci Data ostatniej aktualizacji: 19.03.2026 Niniejsza Polityka Prywatno\u015bci opisuje zasady przetwarzania danych osobowych przez Niepubliczn\u0105 Szko\u0142\u0119 Podstawow\u0105 dla dzieci w spektrum autyzmu i z niepe\u0142nosprawno\u015bci\u0105 sprz\u0119\u017con\u0105 &#8222;Progresso&#8221; (\u201emy\u201d, \u201enas\u201d, \u201enasza\u201d) w zwi\u0105zku z korzystaniem ze strony internetowej https:\/\/szkola.progressoradzymin.pl, zgodnie z Rozporz\u0105dzeniem Parlamentu Europejskiego i Rady (UE) 2016\/679 z dnia 27 kwietnia 2016 r. (RODO). 1. Administrator danych osobowych Administratorem Twoich danych osobowych jest: Niepubliczna Szko\u0142a Podstawowa dla dzieci w spektrum autyzmu i z niepe\u0142nosprawno\u015bci\u0105 sprz\u0119\u017con\u0105 &#8222;Progresso&#8221;Ignacego Jana Paderewskiego 405-250 Radzymin E-mail: szkola@progressoradzymin.plTelefon: 575 824 334 2. Zakres przetwarzanych danych osobowych Mo\u017cemy przetwarza\u0107 nast\u0119puj\u0105ce kategorie danych osobowych: dane identyfikacyjne (np. imi\u0119 i nazwisko), dane kontaktowe (np. adres e-mail, numer telefonu), dane techniczne (np. adres IP, typ przegl\u0105darki, system operacyjny), dane dotycz\u0105ce korzystania ze strony (np. odwiedzane podstrony, czas sp\u0119dzony na stronie), inne dane przekazane dobrowolnie za po\u015brednictwem formularzy lub korespondencji e-mail. 3. Cele i podstawy prawne przetwarzania danych Dane osobowe s\u0105 przetwarzane w nast\u0119puj\u0105cych celach: zapewnienia prawid\u0142owego funkcjonowania strony internetowej \u2013 art. 6 ust. 1 lit. f RODO, udzielania odpowiedzi na zapytania i kontakt \u2013 art. 6 ust. 1 lit. b RODO, ulepszania funkcjonalno\u015bci strony oraz analizy statystycznej \u2013 art. 6 ust. 1 lit. f RODO, realizacji obowi\u0105zk\u00f3w prawnych \u2013 art. 6 ust. 1 lit. c RODO, dzia\u0142a\u0144 marketingowych i analitycznych (je\u017celi dotyczy) \u2013 art. 6 ust. 1 lit. a RODO. 4. Odbiorcy danych Dane osobowe mog\u0105 by\u0107 przekazywane: dostawcom us\u0142ug IT i hostingu, dostawcom narz\u0119dzi analitycznych i marketingowych (wy\u0142\u0105cznie za Twoj\u0105 zgod\u0105), organom publicznym \u2013 gdy wymagaj\u0105 tego przepisy prawa. Podmioty te przetwarzaj\u0105 dane na podstawie um\u00f3w powierzenia i zgodnie z RODO. 5. Przekazywanie danych poza UE\/EOG W przypadku przekazywania danych poza UE\/EOG stosujemy odpowiednie zabezpieczenia, w szczeg\u00f3lno\u015bci: standardowe klauzule umowne Komisji Europejskiej, przekazywanie do kraj\u00f3w o odpowiednim poziomie ochrony. 6. Okres przechowywania danych Dane osobowe s\u0105 przechowywane przez okres niezb\u0119dny do realizacji cel\u00f3w lub do momentu wyga\u015bni\u0119cia obowi\u0105zk\u00f3w prawnych. 7. Prawa os\u00f3b, kt\u00f3rych dane dotycz\u0105 Przys\u0142uguje Ci prawo do: dost\u0119pu do danych, sprostowania danych, usuni\u0119cia danych, ograniczenia przetwarzania, przenoszenia danych, sprzeciwu wobec przetwarzania, cofni\u0119cia zgody w dowolnym momencie, wniesienia skargi do Prezesa UODO. 8. Bezpiecze\u0144stwo danych Stosujemy odpowiednie \u015brodki techniczne i organizacyjne w celu ochrony danych. 9. Zmiany Polityki Prywatno\u015bci Zastrzegamy prawo do zmian. Aktualna wersja jest dost\u0119pna na stronie internetowej. 10. Kontakt W sprawach ochrony danych: E-mail: szkola@progressoradzymin.plTelefon: 575 824 334 Polityka cookies Niniejsza Polityka Cookies wyja\u015bnia zasady stosowania plik\u00f3w cookies na stronie https:\/\/szkola.progressoradzymin.plzgodnie z RODO i dyrektyw\u0105 ePrivacy. 1. Czym s\u0105 pliki cookies? Cookies to niewielkie pliki tekstowe zapisywane na Twoim urz\u0105dzeniu. 2. Rodzaje wykorzystywanych cookies a) Cookies niezb\u0119dneZapewniaj\u0105 prawid\u0142owe dzia\u0142anie strony. b) Cookies funkcjonalneZapami\u0119tuj\u0105 ustawienia u\u017cytkownika. c) Cookies analityczneUmo\u017cliwiaj\u0105 analiz\u0119 ruchu \u2013 wymagaj\u0105 zgody. d) Cookies marketingoweS\u0142u\u017c\u0105 personalizacji reklam \u2013 wymagaj\u0105 zgody. 3. Podstawa prawna stosowania cookies cookies niezb\u0119dne \u2013 art. 6 ust. 1 lit. f RODO, pozosta\u0142e \u2013 art. 6 ust. 1 lit. a RODO (zgoda). 4. Zgoda na cookies Podczas pierwszej wizyty wy\u015bwietlany jest baner cookies umo\u017cliwiaj\u0105cy zarz\u0105dzanie zgod\u0105. 5. Zarz\u0105dzanie plikami cookies Mo\u017cesz zmieni\u0107 ustawienia cookies w przegl\u0105darce. Ograniczenia mog\u0105 wp\u0142yn\u0105\u0107 na dzia\u0142anie strony. 6. Cookies podmiot\u00f3w trzecich Strona mo\u017ce korzysta\u0107 z cookies podmiot\u00f3w trzecich. 7. Zmiany Polityki Cookies Polityka mo\u017ce by\u0107 aktualizowana. 8. Kontakt E-mail: szkola@progressoradzymin.plTelefon: 575 824 334<\/p>\n","protected":false},"author":1,"featured_media":0,"parent":0,"menu_order":0,"comment_status":"closed","ping_status":"closed","template":"page-templates\/template-pagebuilder-full-width.php","meta":{"neve_meta_sidebar":"","neve_meta_container":"","neve_meta_enable_content_width":"","neve_meta_content_width":0,"neve_meta_title_alignment":"","neve_meta_author_avatar":"","neve_post_elements_order":"","neve_meta_disable_header":"","neve_meta_disable_footer":"","neve_meta_disable_title":"","footnotes":""},"class_list":["post-3","page","type-page","status-publish","hentry"],"_links":{"self":[{"href":"https:\/\/szkola.progressoradzymin.pl\/index.php\/wp-json\/wp\/v2\/pages\/3","targetHints":{"allow":["GET"]}}],"collection":[{"href":"https:\/\/szkola.progressoradzymin.pl\/index.php\/wp-json\/wp\/v2\/pages"}],"about":[{"href":"https:\/\/szkola.progressoradzymin.pl\/index.php\/wp-json\/wp\/v2\/types\/page"}],"author":[{"embeddable":true,"href":"https:\/\/szkola.progressoradzymin.pl\/index.php\/wp-json\/wp\/v2\/users\/1"}],"replies":[{"embeddable":true,"href":"https:\/\/szkola.progressoradzymin.pl\/index.php\/wp-json\/wp\/v2\/comments?post=3"}],"version-history":[{"count":13,"href":"https:\/\/szkola.progressoradzymin.pl\/index.php\/wp-json\/wp\/v2\/pages\/3\/revisions"}],"predecessor-version":[{"id":1196,"href":"https:\/\/szkola.progressoradzymin.pl\/index.php\/wp-json\/wp\/v2\/pages\/3\/revisions\/1196"}],"wp:attachment":[{"href":"https:\/\/szkola.progressoradzymin.pl\/index.php\/wp-json\/wp\/v2\/media?parent=3"}],"curies":[{"name":"wp","href":"https:\/\/api.w.org\/{rel}","templated":true}]}}